{"id":7413,"date":"2020-03-17T16:57:22","date_gmt":"2020-03-17T15:57:22","guid":{"rendered":"https:\/\/papayawhip-weasel-570999.hostingersite.com\/about-sonia\/"},"modified":"2025-04-19T22:12:34","modified_gmt":"2025-04-19T20:12:34","slug":"on-sonia","status":"publish","type":"page","link":"https:\/\/soniamegias.es\/en\/on-sonia\/","title":{"rendered":"on Sonia"},"content":{"rendered":"\n<p>2021\u2019II\u20195: <strong><a href=\"https:\/\/issuu.com\/museothyssenmad\/docs\/perpetuummobile_digital_300ppi_v1\" target=\"_blank\" rel=\"noreferrer noopener\">Perpetuum mobile<\/a><\/strong>. Book on Sonia Meg\u00edas&#8217; job as a composer at the National Museum Thyssen-Bornemisza. Published by EducaThyssen, the museum&#8217;s Education Department. &#x1f4dd;&#x1f1ea;&#x1f1f8;<\/p>\n\n\n\n<p>2021\u2019I\u201931: <strong><a href=\"https:\/\/latintadealmansa.com\/cultura\/musica\/hablemos-de-musica-y-de-sonia-megias\/?fbclid=IwAR0CI8ZzouaXE2fUm-1CC5wMTZhqhwQ0iNnXY7O6Drz0GAYNMC10pA7pXr4\" target=\"_blank\" rel=\"noreferrer noopener\">Hablemos de m\u00fasica y de Sonia Meg\u00edas<\/a><\/strong>. Article by Rosa Mar\u00eda S\u00e1nchez. Newspaper La tinta de Almansa. &#x1f4dd;&#x1f1ea;&#x1f1f8;<\/p>\n\n\n\n<p>2020\u2019XI\u201922: <strong><a rel=\"noreferrer noopener\" href=\"https:\/\/www.latribunadealbacete.es\/Noticia\/Z293F80BD-9E60-D6A2-0AA261F192EC7E9A\/202011\/Doble-estreno-de-la-almansena-Sonia-Megias-en-Madrid\" target=\"_blank\">Doble estreno de la almanse\u00f1a Sonia Meg\u00edas en Madrid<\/a><\/strong>. Newspaper La Tribuna de Albacete. &#x1f4dd;&#x1f1ea;&#x1f1f8;<\/p>\n\n\n\n<p>2020&#8217;IX&#8217;25: <strong><a rel=\"noreferrer noopener\" href=\"https:\/\/www.navarratelevision.es\/AlaCarta\/A1FE822E-F04C-46B3-D25A2B7AC2BE9335\/fl\/948626\/1792020-Musica-contemporanea-con-la-compositora-Sonia-Megias\" target=\"_blank\">M\u00fasica contempor\u00e1nea con la compositora Sonia Meg\u00edas<\/a><\/strong>. Navarra TV. &#x1f3ac;&#x1f1ea;&#x1f1f8;<\/p>\n\n\n\n<p>2020&#8217;III&#8217;24: <strong><a href=\"https:\/\/donne365.blogspot.com\/2020\/03\/meet-composher-sonia-megias.htmltarget=&quot;_blank&quot;\">Sonia Meg\u00edas, composHer of the day<\/a><\/strong>. &#8216;Donne 365&#8217; website. &#x1f4dd;&#x1f1fa;&#x1f1f8;<\/p>\n\n\n\n<p>2020&#8217;II&#8217;18: <strong><a href=\"https:\/\/www.podomatic.com\/podcasts\/aeolian-impromptu\/episodes\/2020-02-18T04_53_32-08_00target=&quot;_blank&quot;\">Sonia Meg\u00edas<\/a><\/strong>, interview by Maya Barsacq. &#8216;Aeolian Impromptu&#8217; podcast. &#x1f3a7;&#x1f1fa;&#x1f1f8;<\/p>\n\n\n\n<p>2020&#8217;II: Choral piece <strong><a href=\"https:\/\/www.musicanet.org\/en\/cdc\/202002\/target=&quot;_blank&quot;\">&#8216;Unamos nuestras voces&#8217;, favourite piece<\/a><\/strong> by French website &#8216;Musicanet&#8217;. &#x1f4dd;&#x1f1fa;&#x1f1f8;<\/p>\n\n\n\n<p>2020&#8217;I&#8217;14: <strong><a rel=\"noreferrer noopener\" aria-label=\"Reflexiones en torno a la noci\u00f3n de arte sonoro y los l\u00edmites y contextos del grafismo musical (opens in a new tab)\" href=\"https:\/\/revistas.ucm.es\/index.php\/ARIS\/article\/view\/62464\" target=\"_blank\">Reflexiones en torno a la noci\u00f3n de arte sonoro y los l\u00edmites y contextos del grafismo musical<\/a><\/strong>, by Isaac Diego. &#8216;Arte, individuo y sociedad&#8217; magazine. University of La Rioja. &#x1f4dd;&#x1f1ea;&#x1f1f8;<\/p>\n\n\n\n<p>2019&#8217;XI&#8217;01: <strong><a rel=\"noreferrer noopener\" href=\"https:\/\/sulponticello.com\/iii-epoca\/no-65\/algunas-reflexiones-acerca-de-la-exposicion-el-giro-notacional\/?fbclid=IwAR3IJjTAfi-eimKAb9sHgkuo39iM7nxik-Gw-TDrkNGADImdmSZXS1NNTlo\" target=\"_blank\">Algunas reflexiones acerca de la exposici\u00f3n &#8216;El giro notacional&#8217;<\/a><\/strong>, by Isaac Diego. &#8216;Sul ponticello&#8217; magazine. &#x1f4dd;&#x1f1ea;&#x1f1f8;<\/p>\n\n\n\n<p>2019&#8217;V&#8217;19: <strong><a href=\"http:\/\/soniamegias.es\/wp-content\/uploads\/2019\/09\/LaTribuna-19Mayo2019-e1568038651736.jpgtarget=&quot;_blank&quot;\">Sonia Meg\u00edas ser\u00e1 compositora del Ayuntamiento de Madrid esta primavera<\/a><\/strong>, by Emilio M. Espada. &#8216;La Tribuna de Albacete&#8217; newspaper. &#x1f4dd;&#x1f1ea;&#x1f1f8;<\/p>\n\n\n\n<p>2019&#8217;III&#8217;29: <strong><a href=\"https:\/\/asoc-fulbright.es\/?p=4277target=&quot;_blank&quot;\">Se ve, pero s\u00ed se toca: Exposici\u00f3n de Sonia Meg\u00edas en el Conde Duque desde el 10 de abril hasta el 10 de mayo<\/a><\/strong>. Asociation &#8216;J. W. Fulbright&#8217; website. &#x1f4dd;&#x1f1ea;&#x1f1f8;<\/p>\n\n\n\n<p>2018&#8217;X&#8217;20: <strong><a rel=\"noreferrer noopener\" href=\"https:\/\/www.rtve.es\/alacarta\/audios\/la-riproposta\/riproposta-dua-pel-20-10-18\/4802178\/\" target=\"_blank\">D\u00faa de Pel<\/a><\/strong>, interview by Yolanda Criado. &#8216;La riproposta&#8217;, Radio Cl\u00e1sica, RNE. &#x1f3a7; &#x1f1ea;&#x1f1f8;<\/p>\n\n\n\n<p>2018&#8217;X&#8217;01: <strong><a rel=\"noreferrer noopener\" href=\"https:\/\/www.rtve.es\/alacarta\/audios\/la-pequeteca\/pequeteca-bubo-01-10-18\/4766008\/\" target=\"_blank\">Bubo<\/a><\/strong>, interview on the tale for children, by Leticia Audibert. &#8216;La pequeteca&#8217;, Radio 5, RNE. &#x1f3a7; &#x1f1ea;&#x1f1f8;<\/p>\n\n\n\n<p>2018&#8217;IX&#8217;26: <strong><a href=\"https:\/\/www.diariocritico.com\/dua-de-pel-disco-gira-teatro-realtarget=&quot;_blank&quot;\">Las polifac\u00e9ticas y originales D\u00faa de Pel presentan un disco en el que cabe toda la buena m\u00fasica<\/a><\/strong>, by Emilio M. Espada. &#8216;Ocio cr\u00edtico&#8217; newspaper. &#x1f4dd;&#x1f1ea;&#x1f1f8;<\/p>\n\n\n\n<p>2018&#8217;IX&#8217;19: <strong><a href=\"https:\/\/www.latribunadealbacete.es\/noticia\/Z4A34FC28-D5A3-CDB1-CABC95773D6BDBD4\/dua-de-pel-musica-organicatarget=&quot;_blank&quot;\">D\u00faa de Pel, m\u00fasica org\u00e1nica<\/a><\/strong>. &#8216;La Tribuna de Albacete&#8217; newspaper. &#x1f4dd;&#x1f1ea;&#x1f1f8;<\/p>\n\n\n\n<p>2018&#8217;VIII&#8217;21: <strong><a href=\"https:\/\/www.diariocritico.com\/noticia\/521606\/castilla-la-mancha\/la-polifacetica-sonia-megias-presentara-su-disco-en-el-teatro-real-antes-de-una-gira-por-china-y-mexico.htmltarget=&quot;_blank&quot;\">La polifac\u00e9tica Sonia Meg\u00edas presentar\u00e1 su disco en el Teatro Real antes de una gira por China y M\u00e9xico<\/a><\/strong>, by Emilio M. Espada. &#8216;Diario Cr\u00edtico de Castilla-La Mancha&#8217; newspaper. &#x1f4dd;&#x1f1ea;&#x1f1f8;<\/p>\n\n\n\n<p>2018&#8217;IV&#8217;27: <strong><a href=\"https:\/\/clavedevidamusical.blogspot.com\/2018\/04\/mujeres-compositoras-de-la-actualidad.html?showComment=1526378180994#c975812473439634919target=&quot;_blank&quot;\">Dos mujeres compositoras de la actualidad<\/a><\/strong>, on Sonia Meg\u00edas and F\u00e1tima Miranda. &#8216;Clave de vida&#8217; blog. &#x1f4dd;&#x1f1ea;&#x1f1f8;<\/p>\n\n\n\n<p>2017&#8217;VIII&#8217;31: <strong><a rel=\"noreferrer noopener\" href=\"https:\/\/www.rtve.es\/alacarta\/audios\/emision-en-ingles\/english-language-broadcast-dua-pel-31-08-17\/4191861\/\" target=\"_blank\">D\u00faa de Pel<\/a><\/strong>, interview by Alison Hughes. &#8216;English Language Broadcast&#8217;, Radio Exterior, RNE.  &#x1f3a7;&#x1f1fa;&#x1f1f8;<\/p>\n\n\n\n<p>2017&#8217;VIII&#8217;04: <strong><a rel=\"noreferrer noopener\" href=\"https:\/\/www.rtve.es\/alacarta\/audios\/emision-en-ingles\/english-language-broadcast-somos-naturaleza-sonia-megias-eva-guillamon-04-08-17\/4148883\/\" target=\"_blank\">Somos naturaleza, Sonia Meg\u00edas y Eva Guillam\u00f3n<\/a><\/strong>, interview by Alison Hughes. &#8216;English Language Broadcast&#8217;, Radio Exterior, RNE.  &#x1f3a7;&#x1f1fa;&#x1f1f8;<\/p>\n\n\n\n<p>2017&#8217;I&#8217;14: <strong><a href=\"https:\/\/papayawhip-weasel-570999.hostingersite.com\/evento\/revista-clio-mujeres-que-cambiaron-la-historia\/#jp-carousel-4780target=&quot;_blank&quot;\">Mujeres que cambiaron la historia<\/a><\/strong>, by Cristina Mar\u00eda Men\u00e9ndez. &#8216;Cl\u00edo&#8217; magazine. &#x1f4dd;&#x1f1ea;&#x1f1f8;<\/p>\n\n\n\n<p>2016&#8217;III&#8217;8: <strong><a href=\"http:\/\/www.m-arteyculturavisual.com\/2015\/12\/08\/compositoras-en-la-historia-la-musica-del-silencio\/target=&quot;_blank&quot;\">Compositoras en la historia. La m\u00fasica del silencio<\/a><\/strong>, by Cristina Mar\u00eda Men\u00e9ndez. &#8216;Cl\u00edo&#8217; magazine. &#x1f4dd;&#x1f1ea;&#x1f1f8;<\/p>\n\n\n\n<p>2015&#8217;IX&#8217;18: <strong><a rel=\"noreferrer noopener\" href=\"https:\/\/www.rtve.es\/alacarta\/audios\/emision-en-ingles\/english-language-broadcast-sonia-megias-and-the-magic-flute-part-ii-18-09-15\/3289660\/\" target=\"_blank\">The unclassifiable Sonia Meg\u00edas (part II)<\/a><\/strong>, by Alison Hughes. &#8216;English Language Broadcast&#8217;, Radio Exterior, RNE.  &#x1f3a7;&#x1f1fa;&#x1f1f8;<\/p>\n\n\n\n<p>2015&#8217;IX&#8217;17: <strong><a rel=\"noreferrer noopener\" href=\"https:\/\/www.rtve.es\/alacarta\/audios\/emision-en-ingles\/english-language-broadcast-the-unclassifiable-sonia-megias-part-one-17-09-15\/3287562\/\" target=\"_blank\">The unclassifiable Sonia Meg\u00edas (part I)<\/a><\/strong>, by Alison Hughes. &#8216;English Language Broadcast&#8217;, Radio Exterior, RNE.  &#x1f3a7;&#x1f1fa;&#x1f1f8;<\/p>\n\n\n\n<p>2015&#8217;V&#8217;09: <strong><a href=\"https:\/\/www.rtve.es\/alacarta\/audios\/ars-sonora\/ars-sonora-sonia-megias-09-05-15\/3121478\/target=&quot;_blank&quot;\">Sonia Meg\u00edas<\/a><\/strong>, interview at the radio show &#8216;Ars Sonora&#8217;, by Miguel \u00c1lvarez Fern\u00e1ndez. Radio Cl\u00e1sica, RNE. &#x1f3a7;&#x1f1ea;&#x1f1f8;<\/p>\n\n\n\n<p>2013&#8217;III&#8217;11: <strong><a href=\"https:\/\/asoc-fulbright.es\/?p=2957target=&quot;_blank&quot;\">Organiza tu agenda cultural con Sonia Meg\u00edas, una Fulbright compositora<\/a><\/strong>. Asociation &#8216;J. W. Fulbright&#8217; website. &#x1f4dd;&#x1f1ea;&#x1f1f8;<\/p>\n\n\n\n<p>2013&#8217;II&#8217;17: <strong><a href=\"https:\/\/asoc-fulbright.es\/?p=2656target=&quot;_blank&quot;\">Mujeres Fulbright: la compositora Sonia Meg\u00edas<\/a><\/strong>. Asociation &#8216;J. W. Fulbright&#8217; website. &#x1f4dd;&#x1f1ea;&#x1f1f8;<\/p>\n\n\n\n<p>2010&#8217;VIII&#8217;10: <strong><a href=\"https:\/\/otrascosasserranas.blogspot.com\/2010\/08\/sonia-megias-compositora-espanola.htmltarget=&quot;_blank&quot;\">Sonia Meg\u00edas, compositora espa\u00f1ola<\/a><\/strong>, by Dolores Serrano Cueto, &#8216;Otras cosas serranas&#8217; blog. &#x1f4dd;&#x1f1ea;&#x1f1f8;<\/p>\n\n\n\n<p>2009&#8217;XII&#8217;08: <strong><a rel=\"noreferrer noopener\" href=\"https:\/\/www.rtve.es\/alacarta\/audios\/al-margen\/margen-inventario-inventores-sonia-megias-08-12-09\/622264\/\" target=\"_blank\">Sonia Meg\u00edas<\/a><\/strong>, interview by Marcos Cast\u00e1n in &#8216;Al margen: Inventario de inventores&#8217;, Radio Cl\u00e1sica, RNE. &#x1f3a7;&#x1f1ea;&#x1f1f8;<\/p>\n","protected":false},"excerpt":{"rendered":"<p>2021\u2019II\u20195: Perpetuum mobile. Book on Sonia Meg\u00edas&#8217; job as a composer at the National Museum Thyssen-Bornemisza. Published by EducaThyssen, the museum&#8217;s Education Department. &#x1f4dd;&#x1f1ea;&#x1f1f8; 2021\u2019I\u201931: Hablemos de m\u00fasica y de [&hellip;]<\/p>\n","protected":false},"author":3,"featured_media":7720,"parent":0,"menu_order":0,"comment_status":"closed","ping_status":"closed","template":"page-templates\/sobre-sonia.php","meta":{"_acf_changed":false,"_editorskit_title_hidden":false,"_editorskit_reading_time":0,"_editorskit_is_block_options_detached":false,"_editorskit_block_options_position":"{}","footnotes":""},"class_list":["post-7413","page","type-page","status-publish","has-post-thumbnail","hentry"],"acf":[],"yoast_head":"<!-- This site is optimized with the Yoast SEO plugin v26.3 - https:\/\/yoast.com\/wordpress\/plugins\/seo\/ -->\n<title>on Sonia - Sonia Meg\u00edas<\/title>\n<meta name=\"robots\" content=\"index, follow, max-snippet:-1, max-image-preview:large, max-video-preview:-1\" \/>\n<link rel=\"canonical\" href=\"https:\/\/soniamegias.es\/en\/on-sonia\/\" \/>\n<meta property=\"og:locale\" content=\"en_US\" \/>\n<meta property=\"og:type\" content=\"article\" \/>\n<meta property=\"og:title\" content=\"on Sonia - Sonia Meg\u00edas\" \/>\n<meta property=\"og:description\" content=\"2021\u2019II\u20195: Perpetuum mobile. Book on Sonia Meg\u00edas&#8217; job as a composer at the National Museum Thyssen-Bornemisza. Published by EducaThyssen, the museum&#8217;s Education Department. &#x1f4dd;&#x1f1ea;&#x1f1f8; 2021\u2019I\u201931: Hablemos de m\u00fasica y de [&hellip;]\" \/>\n<meta property=\"og:url\" content=\"https:\/\/soniamegias.es\/en\/on-sonia\/\" \/>\n<meta property=\"og:site_name\" content=\"Sonia Meg\u00edas\" \/>\n<meta property=\"article:modified_time\" content=\"2025-04-19T20:12:34+00:00\" \/>\n<meta property=\"og:image\" content=\"https:\/\/soniamegias.es\/wp-content\/uploads\/2020\/04\/Icono-SoniaMegias.jpg\" \/>\n\t<meta property=\"og:image:width\" content=\"1140\" \/>\n\t<meta property=\"og:image:height\" content=\"1140\" \/>\n\t<meta property=\"og:image:type\" content=\"image\/jpeg\" \/>\n<meta name=\"twitter:card\" content=\"summary_large_image\" \/>\n<meta name=\"twitter:label1\" content=\"Est. reading time\" \/>\n\t<meta name=\"twitter:data1\" content=\"3 minutes\" \/>\n<script type=\"application\/ld+json\" class=\"yoast-schema-graph\">{\"@context\":\"https:\/\/schema.org\",\"@graph\":[{\"@type\":\"WebPage\",\"@id\":\"https:\/\/soniamegias.es\/en\/on-sonia\/\",\"url\":\"https:\/\/soniamegias.es\/en\/on-sonia\/\",\"name\":\"on Sonia - Sonia Meg\u00edas\",\"isPartOf\":{\"@id\":\"https:\/\/papayawhip-weasel-570999.hostingersite.com\/#website\"},\"primaryImageOfPage\":{\"@id\":\"https:\/\/soniamegias.es\/en\/on-sonia\/#primaryimage\"},\"image\":{\"@id\":\"https:\/\/soniamegias.es\/en\/on-sonia\/#primaryimage\"},\"thumbnailUrl\":\"https:\/\/soniamegias.es\/wp-content\/uploads\/2020\/04\/Icono-SoniaMegias.jpg\",\"datePublished\":\"2020-03-17T15:57:22+00:00\",\"dateModified\":\"2025-04-19T20:12:34+00:00\",\"breadcrumb\":{\"@id\":\"https:\/\/soniamegias.es\/en\/on-sonia\/#breadcrumb\"},\"inLanguage\":\"en-US\",\"potentialAction\":[{\"@type\":\"ReadAction\",\"target\":[\"https:\/\/soniamegias.es\/en\/on-sonia\/\"]}]},{\"@type\":\"ImageObject\",\"inLanguage\":\"en-US\",\"@id\":\"https:\/\/soniamegias.es\/en\/on-sonia\/#primaryimage\",\"url\":\"https:\/\/soniamegias.es\/wp-content\/uploads\/2020\/04\/Icono-SoniaMegias.jpg\",\"contentUrl\":\"https:\/\/soniamegias.es\/wp-content\/uploads\/2020\/04\/Icono-SoniaMegias.jpg\",\"width\":1140,\"height\":1140},{\"@type\":\"BreadcrumbList\",\"@id\":\"https:\/\/soniamegias.es\/en\/on-sonia\/#breadcrumb\",\"itemListElement\":[{\"@type\":\"ListItem\",\"position\":1,\"name\":\"Home\",\"item\":\"https:\/\/soniamegias.es\/en\/\"},{\"@type\":\"ListItem\",\"position\":2,\"name\":\"on Sonia\"}]},{\"@type\":\"WebSite\",\"@id\":\"https:\/\/papayawhip-weasel-570999.hostingersite.com\/#website\",\"url\":\"https:\/\/papayawhip-weasel-570999.hostingersite.com\/\",\"name\":\"Sonia Meg\u00edas\",\"description\":\"Composer Sonia Meg\u00edas&#039; website. Her works, arrangements, events, articles...\",\"publisher\":{\"@id\":\"https:\/\/papayawhip-weasel-570999.hostingersite.com\/#\/schema\/person\/4f56ff1abac791258de453524b284f31\"},\"potentialAction\":[{\"@type\":\"SearchAction\",\"target\":{\"@type\":\"EntryPoint\",\"urlTemplate\":\"https:\/\/papayawhip-weasel-570999.hostingersite.com\/?s={search_term_string}\"},\"query-input\":{\"@type\":\"PropertyValueSpecification\",\"valueRequired\":true,\"valueName\":\"search_term_string\"}}],\"inLanguage\":\"en-US\"},{\"@type\":[\"Person\",\"Organization\"],\"@id\":\"https:\/\/papayawhip-weasel-570999.hostingersite.com\/#\/schema\/person\/4f56ff1abac791258de453524b284f31\",\"name\":\"sonia\",\"image\":{\"@type\":\"ImageObject\",\"inLanguage\":\"en-US\",\"@id\":\"https:\/\/papayawhip-weasel-570999.hostingersite.com\/#\/schema\/person\/image\/\",\"url\":\"http:\/\/soniamegias.es\/wp-content\/uploads\/2020\/04\/Icono-SoniaMegias.jpg\",\"contentUrl\":\"http:\/\/soniamegias.es\/wp-content\/uploads\/2020\/04\/Icono-SoniaMegias.jpg\",\"width\":1140,\"height\":1140,\"caption\":\"sonia\"},\"logo\":{\"@id\":\"https:\/\/papayawhip-weasel-570999.hostingersite.com\/#\/schema\/person\/image\/\"}}]}<\/script>\n<!-- \/ Yoast SEO plugin. -->","yoast_head_json":{"title":"on Sonia - Sonia Meg\u00edas","robots":{"index":"index","follow":"follow","max-snippet":"max-snippet:-1","max-image-preview":"max-image-preview:large","max-video-preview":"max-video-preview:-1"},"canonical":"https:\/\/soniamegias.es\/en\/on-sonia\/","og_locale":"en_US","og_type":"article","og_title":"on Sonia - Sonia Meg\u00edas","og_description":"2021\u2019II\u20195: Perpetuum mobile. Book on Sonia Meg\u00edas&#8217; job as a composer at the National Museum Thyssen-Bornemisza. Published by EducaThyssen, the museum&#8217;s Education Department. &#x1f4dd;&#x1f1ea;&#x1f1f8; 2021\u2019I\u201931: Hablemos de m\u00fasica y de [&hellip;]","og_url":"https:\/\/soniamegias.es\/en\/on-sonia\/","og_site_name":"Sonia Meg\u00edas","article_modified_time":"2025-04-19T20:12:34+00:00","og_image":[{"width":1140,"height":1140,"url":"https:\/\/soniamegias.es\/wp-content\/uploads\/2020\/04\/Icono-SoniaMegias.jpg","type":"image\/jpeg"}],"twitter_card":"summary_large_image","twitter_misc":{"Est. reading time":"3 minutes"},"schema":{"@context":"https:\/\/schema.org","@graph":[{"@type":"WebPage","@id":"https:\/\/soniamegias.es\/en\/on-sonia\/","url":"https:\/\/soniamegias.es\/en\/on-sonia\/","name":"on Sonia - Sonia Meg\u00edas","isPartOf":{"@id":"https:\/\/papayawhip-weasel-570999.hostingersite.com\/#website"},"primaryImageOfPage":{"@id":"https:\/\/soniamegias.es\/en\/on-sonia\/#primaryimage"},"image":{"@id":"https:\/\/soniamegias.es\/en\/on-sonia\/#primaryimage"},"thumbnailUrl":"https:\/\/soniamegias.es\/wp-content\/uploads\/2020\/04\/Icono-SoniaMegias.jpg","datePublished":"2020-03-17T15:57:22+00:00","dateModified":"2025-04-19T20:12:34+00:00","breadcrumb":{"@id":"https:\/\/soniamegias.es\/en\/on-sonia\/#breadcrumb"},"inLanguage":"en-US","potentialAction":[{"@type":"ReadAction","target":["https:\/\/soniamegias.es\/en\/on-sonia\/"]}]},{"@type":"ImageObject","inLanguage":"en-US","@id":"https:\/\/soniamegias.es\/en\/on-sonia\/#primaryimage","url":"https:\/\/soniamegias.es\/wp-content\/uploads\/2020\/04\/Icono-SoniaMegias.jpg","contentUrl":"https:\/\/soniamegias.es\/wp-content\/uploads\/2020\/04\/Icono-SoniaMegias.jpg","width":1140,"height":1140},{"@type":"BreadcrumbList","@id":"https:\/\/soniamegias.es\/en\/on-sonia\/#breadcrumb","itemListElement":[{"@type":"ListItem","position":1,"name":"Home","item":"https:\/\/soniamegias.es\/en\/"},{"@type":"ListItem","position":2,"name":"on Sonia"}]},{"@type":"WebSite","@id":"https:\/\/papayawhip-weasel-570999.hostingersite.com\/#website","url":"https:\/\/papayawhip-weasel-570999.hostingersite.com\/","name":"Sonia Meg\u00edas","description":"Composer Sonia Meg\u00edas&#039; website. Her works, arrangements, events, articles...","publisher":{"@id":"https:\/\/papayawhip-weasel-570999.hostingersite.com\/#\/schema\/person\/4f56ff1abac791258de453524b284f31"},"potentialAction":[{"@type":"SearchAction","target":{"@type":"EntryPoint","urlTemplate":"https:\/\/papayawhip-weasel-570999.hostingersite.com\/?s={search_term_string}"},"query-input":{"@type":"PropertyValueSpecification","valueRequired":true,"valueName":"search_term_string"}}],"inLanguage":"en-US"},{"@type":["Person","Organization"],"@id":"https:\/\/papayawhip-weasel-570999.hostingersite.com\/#\/schema\/person\/4f56ff1abac791258de453524b284f31","name":"sonia","image":{"@type":"ImageObject","inLanguage":"en-US","@id":"https:\/\/papayawhip-weasel-570999.hostingersite.com\/#\/schema\/person\/image\/","url":"http:\/\/soniamegias.es\/wp-content\/uploads\/2020\/04\/Icono-SoniaMegias.jpg","contentUrl":"http:\/\/soniamegias.es\/wp-content\/uploads\/2020\/04\/Icono-SoniaMegias.jpg","width":1140,"height":1140,"caption":"sonia"},"logo":{"@id":"https:\/\/papayawhip-weasel-570999.hostingersite.com\/#\/schema\/person\/image\/"}}]}},"jetpack_sharing_enabled":true,"_links":{"self":[{"href":"https:\/\/soniamegias.es\/en\/wp-json\/wp\/v2\/pages\/7413","targetHints":{"allow":["GET"]}}],"collection":[{"href":"https:\/\/soniamegias.es\/en\/wp-json\/wp\/v2\/pages"}],"about":[{"href":"https:\/\/soniamegias.es\/en\/wp-json\/wp\/v2\/types\/page"}],"author":[{"embeddable":true,"href":"https:\/\/soniamegias.es\/en\/wp-json\/wp\/v2\/users\/3"}],"replies":[{"embeddable":true,"href":"https:\/\/soniamegias.es\/en\/wp-json\/wp\/v2\/comments?post=7413"}],"version-history":[{"count":24,"href":"https:\/\/soniamegias.es\/en\/wp-json\/wp\/v2\/pages\/7413\/revisions"}],"predecessor-version":[{"id":9935,"href":"https:\/\/soniamegias.es\/en\/wp-json\/wp\/v2\/pages\/7413\/revisions\/9935"}],"wp:featuredmedia":[{"embeddable":true,"href":"https:\/\/soniamegias.es\/en\/wp-json\/wp\/v2\/media\/7720"}],"wp:attachment":[{"href":"https:\/\/soniamegias.es\/en\/wp-json\/wp\/v2\/media?parent=7413"}],"curies":[{"name":"wp","href":"https:\/\/api.w.org\/{rel}","templated":true}]}}