{"id":7410,"date":"2020-03-23T11:38:39","date_gmt":"2020-03-23T10:38:39","guid":{"rendered":"https:\/\/papayawhip-weasel-570999.hostingersite.com\/from-sonia\/"},"modified":"2021-06-26T15:49:44","modified_gmt":"2021-06-26T13:49:44","slug":"by-sonia","status":"publish","type":"page","link":"https:\/\/soniamegias.es\/en\/by-sonia\/","title":{"rendered":"by Sonia"},"content":{"rendered":"\n<p>2020&#8217;IV&#8217;25: <a href=\"https:\/\/www.facebook.com\/watch\/?v=1696967243791602\"><strong>Experimentaci\u00f3n coral<\/strong><\/a>. Talk online on my choral works and projects. Choral Federation of Madrid. &#x1f3ac; &#x1f1ea;&#x1f1f8;<\/p>\n\n\n\n<p>2020&#8217;I&#8217;27: <strong><a href=\"https:\/\/www.casamerica.es\/es\/sociedad\/mujer-e-identidad-en-el-salvadortarget=&quot;_blank\">Round table: Mujer e identidad en El Salvador<\/a><\/strong>. Sonia Meg\u00edas, moderator. Casa de Am\u00e9rica (Spanish Cooperation), Madrid. &#x1f3ac; &#x1f1ea;&#x1f1f8;<\/p>\n\n\n\n<p>2018&#8217;IX: <a href=\"https:\/\/muse.jhu.edu\/article\/705635\" target=\"_blank\" rel=\"noreferrer noopener\"><strong>Essay on Tempsiabo<\/strong><\/a>. Women and Music: A Journal of Gender and CultureUniversity of Nebraska PressVolume 22. &#x1f4dd; &#x1f1fa;&#x1f1f8;<\/p>\n\n\n\n<p>2018&#8217;VI&#8217;15: <strong><a href=\"https:\/\/papayawhip-weasel-570999.hostingersite.com\/evento\/articulo-dua-de-pel-china-journal\/#jp-carousel-6659target=&quot;_blank\">Dua de Pel and the connection between earth and sky<\/a><\/strong>. Journal of the International Alliance for Women in Music (IAWM), USA. &#x1f4dd; &#x1f1fa;&#x1f1f8;<\/p>\n\n\n\n<p>2017&#8217;VI&#8217;20: <strong><a href=\"https:\/\/papayawhip-weasel-570999.hostingersite.com\/evento\/iawm-journal-articulo-el-salvadors-song\/#jp-carousel-6703target=&quot;_blank\">El Salvador&#8217;s song<\/a><\/strong>. Journal of the International Alliance for Women in Music (IAWM), USA. &#x1f4dd; &#x1f1fa;&#x1f1f8;<\/p>\n\n\n\n<p>2016&#8217;I&#8217;15: <strong><a href=\"https:\/\/papayawhip-weasel-570999.hostingersite.com\/evento\/articulo-mis-jefas-las-musas\/#jp-carousel-6731target=&quot;_blank\">Mis jefas, las musas<\/a><\/strong>. Rescoldo magazine, coordinated by Cecilia Pi\u00f1ero (Las Rozas, Madrid). &#x1f4dd; &#x1f1ea;&#x1f1f8;<\/p>\n\n\n\n<p>2015&#8217;VII&#8217;2: <strong><a href=\"https:\/\/www.iie.es\/2015\/07\/02\/sonia-megias-investigacion-y-recuperacion-de-la-lengua-nahuat-pipil-a-traves-de-la-musica\/target=&quot;_blank\">Capacidades y otros talentos humanos<\/a><\/strong>. International Institute of Education (Madrid) website. &#x1f4dd; &#x1f1ea;&#x1f1f8;<\/p>\n\n\n\n<p>2014&#8217;X&#8217;04: <strong><a href=\"https:\/\/90disonancias.com\/2017\/07\/1181\/los-hombres-gnomo\/target=&quot;_blank\">Los hombres gnomo<\/a><\/strong>. Section M\u00fasica intuitiva. 90 disonancias magazine (M\u00e1laga). &#x1f4dd; &#x1f1ea;&#x1f1f8;<\/p>\n\n\n\n<p>2014&#8217;VI&#8217;15: <strong><a href=\"https:\/\/90disonancias.com\/2014\/06\/1098\/la-atencion-y-la-expresion-como-formas-de-conciencia\/target=&quot;_blank\">La atenci\u00f3n y la expresi\u00f3n como formas de conciencia<\/a><\/strong>. Secci\u00f3n M\u00fasica intuitiva. 90 disonancias magazine (M\u00e1laga). &#x1f4dd; &#x1f1ea;&#x1f1f8;<\/p>\n","protected":false},"excerpt":{"rendered":"<p>2020&#8217;IV&#8217;25: Experimentaci\u00f3n coral. Talk online on my choral works and projects. Choral Federation of Madrid. &#x1f3ac; &#x1f1ea;&#x1f1f8; 2020&#8217;I&#8217;27: Round table: Mujer e identidad en El Salvador. Sonia Meg\u00edas, moderator. Casa [&hellip;]<\/p>\n","protected":false},"author":3,"featured_media":7720,"parent":0,"menu_order":0,"comment_status":"closed","ping_status":"closed","template":"page-templates\/sobre-sonia.php","meta":{"_acf_changed":false,"_editorskit_title_hidden":false,"_editorskit_reading_time":0,"_editorskit_is_block_options_detached":false,"_editorskit_block_options_position":"{}","footnotes":""},"class_list":["post-7410","page","type-page","status-publish","has-post-thumbnail","hentry"],"acf":[],"yoast_head":"<!-- This site is optimized with the Yoast SEO plugin v26.3 - https:\/\/yoast.com\/wordpress\/plugins\/seo\/ -->\n<title>by Sonia - Sonia Meg\u00edas<\/title>\n<meta name=\"robots\" content=\"index, follow, max-snippet:-1, max-image-preview:large, max-video-preview:-1\" \/>\n<link rel=\"canonical\" href=\"https:\/\/soniamegias.es\/en\/by-sonia\/\" \/>\n<meta property=\"og:locale\" content=\"en_US\" \/>\n<meta property=\"og:type\" content=\"article\" \/>\n<meta property=\"og:title\" content=\"by Sonia - Sonia Meg\u00edas\" \/>\n<meta property=\"og:description\" content=\"2020&#8217;IV&#8217;25: Experimentaci\u00f3n coral. Talk online on my choral works and projects. Choral Federation of Madrid. &#x1f3ac; &#x1f1ea;&#x1f1f8; 2020&#8217;I&#8217;27: Round table: Mujer e identidad en El Salvador. Sonia Meg\u00edas, moderator. Casa [&hellip;]\" \/>\n<meta property=\"og:url\" content=\"https:\/\/soniamegias.es\/en\/by-sonia\/\" \/>\n<meta property=\"og:site_name\" content=\"Sonia Meg\u00edas\" \/>\n<meta property=\"article:modified_time\" content=\"2021-06-26T13:49:44+00:00\" \/>\n<meta property=\"og:image\" content=\"https:\/\/soniamegias.es\/wp-content\/uploads\/2020\/04\/Icono-SoniaMegias.jpg\" \/>\n\t<meta property=\"og:image:width\" content=\"1140\" \/>\n\t<meta property=\"og:image:height\" content=\"1140\" \/>\n\t<meta property=\"og:image:type\" content=\"image\/jpeg\" \/>\n<meta name=\"twitter:card\" content=\"summary_large_image\" \/>\n<meta name=\"twitter:label1\" content=\"Est. reading time\" \/>\n\t<meta name=\"twitter:data1\" content=\"1 minute\" \/>\n<script type=\"application\/ld+json\" class=\"yoast-schema-graph\">{\"@context\":\"https:\/\/schema.org\",\"@graph\":[{\"@type\":\"WebPage\",\"@id\":\"https:\/\/soniamegias.es\/en\/by-sonia\/\",\"url\":\"https:\/\/soniamegias.es\/en\/by-sonia\/\",\"name\":\"by Sonia - Sonia Meg\u00edas\",\"isPartOf\":{\"@id\":\"https:\/\/papayawhip-weasel-570999.hostingersite.com\/#website\"},\"primaryImageOfPage\":{\"@id\":\"https:\/\/soniamegias.es\/en\/by-sonia\/#primaryimage\"},\"image\":{\"@id\":\"https:\/\/soniamegias.es\/en\/by-sonia\/#primaryimage\"},\"thumbnailUrl\":\"https:\/\/soniamegias.es\/wp-content\/uploads\/2020\/04\/Icono-SoniaMegias.jpg\",\"datePublished\":\"2020-03-23T10:38:39+00:00\",\"dateModified\":\"2021-06-26T13:49:44+00:00\",\"breadcrumb\":{\"@id\":\"https:\/\/soniamegias.es\/en\/by-sonia\/#breadcrumb\"},\"inLanguage\":\"en-US\",\"potentialAction\":[{\"@type\":\"ReadAction\",\"target\":[\"https:\/\/soniamegias.es\/en\/by-sonia\/\"]}]},{\"@type\":\"ImageObject\",\"inLanguage\":\"en-US\",\"@id\":\"https:\/\/soniamegias.es\/en\/by-sonia\/#primaryimage\",\"url\":\"https:\/\/soniamegias.es\/wp-content\/uploads\/2020\/04\/Icono-SoniaMegias.jpg\",\"contentUrl\":\"https:\/\/soniamegias.es\/wp-content\/uploads\/2020\/04\/Icono-SoniaMegias.jpg\",\"width\":1140,\"height\":1140},{\"@type\":\"BreadcrumbList\",\"@id\":\"https:\/\/soniamegias.es\/en\/by-sonia\/#breadcrumb\",\"itemListElement\":[{\"@type\":\"ListItem\",\"position\":1,\"name\":\"Home\",\"item\":\"https:\/\/soniamegias.es\/en\/\"},{\"@type\":\"ListItem\",\"position\":2,\"name\":\"by Sonia\"}]},{\"@type\":\"WebSite\",\"@id\":\"https:\/\/papayawhip-weasel-570999.hostingersite.com\/#website\",\"url\":\"https:\/\/papayawhip-weasel-570999.hostingersite.com\/\",\"name\":\"Sonia Meg\u00edas\",\"description\":\"Composer Sonia Meg\u00edas&#039; website. Her works, arrangements, events, articles...\",\"publisher\":{\"@id\":\"https:\/\/papayawhip-weasel-570999.hostingersite.com\/#\/schema\/person\/4f56ff1abac791258de453524b284f31\"},\"potentialAction\":[{\"@type\":\"SearchAction\",\"target\":{\"@type\":\"EntryPoint\",\"urlTemplate\":\"https:\/\/papayawhip-weasel-570999.hostingersite.com\/?s={search_term_string}\"},\"query-input\":{\"@type\":\"PropertyValueSpecification\",\"valueRequired\":true,\"valueName\":\"search_term_string\"}}],\"inLanguage\":\"en-US\"},{\"@type\":[\"Person\",\"Organization\"],\"@id\":\"https:\/\/papayawhip-weasel-570999.hostingersite.com\/#\/schema\/person\/4f56ff1abac791258de453524b284f31\",\"name\":\"sonia\",\"image\":{\"@type\":\"ImageObject\",\"inLanguage\":\"en-US\",\"@id\":\"https:\/\/papayawhip-weasel-570999.hostingersite.com\/#\/schema\/person\/image\/\",\"url\":\"http:\/\/soniamegias.es\/wp-content\/uploads\/2020\/04\/Icono-SoniaMegias.jpg\",\"contentUrl\":\"http:\/\/soniamegias.es\/wp-content\/uploads\/2020\/04\/Icono-SoniaMegias.jpg\",\"width\":1140,\"height\":1140,\"caption\":\"sonia\"},\"logo\":{\"@id\":\"https:\/\/papayawhip-weasel-570999.hostingersite.com\/#\/schema\/person\/image\/\"}}]}<\/script>\n<!-- \/ Yoast SEO plugin. -->","yoast_head_json":{"title":"by Sonia - Sonia Meg\u00edas","robots":{"index":"index","follow":"follow","max-snippet":"max-snippet:-1","max-image-preview":"max-image-preview:large","max-video-preview":"max-video-preview:-1"},"canonical":"https:\/\/soniamegias.es\/en\/by-sonia\/","og_locale":"en_US","og_type":"article","og_title":"by Sonia - Sonia Meg\u00edas","og_description":"2020&#8217;IV&#8217;25: Experimentaci\u00f3n coral. Talk online on my choral works and projects. Choral Federation of Madrid. &#x1f3ac; &#x1f1ea;&#x1f1f8; 2020&#8217;I&#8217;27: Round table: Mujer e identidad en El Salvador. Sonia Meg\u00edas, moderator. Casa [&hellip;]","og_url":"https:\/\/soniamegias.es\/en\/by-sonia\/","og_site_name":"Sonia Meg\u00edas","article_modified_time":"2021-06-26T13:49:44+00:00","og_image":[{"width":1140,"height":1140,"url":"https:\/\/soniamegias.es\/wp-content\/uploads\/2020\/04\/Icono-SoniaMegias.jpg","type":"image\/jpeg"}],"twitter_card":"summary_large_image","twitter_misc":{"Est. reading time":"1 minute"},"schema":{"@context":"https:\/\/schema.org","@graph":[{"@type":"WebPage","@id":"https:\/\/soniamegias.es\/en\/by-sonia\/","url":"https:\/\/soniamegias.es\/en\/by-sonia\/","name":"by Sonia - Sonia Meg\u00edas","isPartOf":{"@id":"https:\/\/papayawhip-weasel-570999.hostingersite.com\/#website"},"primaryImageOfPage":{"@id":"https:\/\/soniamegias.es\/en\/by-sonia\/#primaryimage"},"image":{"@id":"https:\/\/soniamegias.es\/en\/by-sonia\/#primaryimage"},"thumbnailUrl":"https:\/\/soniamegias.es\/wp-content\/uploads\/2020\/04\/Icono-SoniaMegias.jpg","datePublished":"2020-03-23T10:38:39+00:00","dateModified":"2021-06-26T13:49:44+00:00","breadcrumb":{"@id":"https:\/\/soniamegias.es\/en\/by-sonia\/#breadcrumb"},"inLanguage":"en-US","potentialAction":[{"@type":"ReadAction","target":["https:\/\/soniamegias.es\/en\/by-sonia\/"]}]},{"@type":"ImageObject","inLanguage":"en-US","@id":"https:\/\/soniamegias.es\/en\/by-sonia\/#primaryimage","url":"https:\/\/soniamegias.es\/wp-content\/uploads\/2020\/04\/Icono-SoniaMegias.jpg","contentUrl":"https:\/\/soniamegias.es\/wp-content\/uploads\/2020\/04\/Icono-SoniaMegias.jpg","width":1140,"height":1140},{"@type":"BreadcrumbList","@id":"https:\/\/soniamegias.es\/en\/by-sonia\/#breadcrumb","itemListElement":[{"@type":"ListItem","position":1,"name":"Home","item":"https:\/\/soniamegias.es\/en\/"},{"@type":"ListItem","position":2,"name":"by Sonia"}]},{"@type":"WebSite","@id":"https:\/\/papayawhip-weasel-570999.hostingersite.com\/#website","url":"https:\/\/papayawhip-weasel-570999.hostingersite.com\/","name":"Sonia Meg\u00edas","description":"Composer Sonia Meg\u00edas&#039; website. Her works, arrangements, events, articles...","publisher":{"@id":"https:\/\/papayawhip-weasel-570999.hostingersite.com\/#\/schema\/person\/4f56ff1abac791258de453524b284f31"},"potentialAction":[{"@type":"SearchAction","target":{"@type":"EntryPoint","urlTemplate":"https:\/\/papayawhip-weasel-570999.hostingersite.com\/?s={search_term_string}"},"query-input":{"@type":"PropertyValueSpecification","valueRequired":true,"valueName":"search_term_string"}}],"inLanguage":"en-US"},{"@type":["Person","Organization"],"@id":"https:\/\/papayawhip-weasel-570999.hostingersite.com\/#\/schema\/person\/4f56ff1abac791258de453524b284f31","name":"sonia","image":{"@type":"ImageObject","inLanguage":"en-US","@id":"https:\/\/papayawhip-weasel-570999.hostingersite.com\/#\/schema\/person\/image\/","url":"http:\/\/soniamegias.es\/wp-content\/uploads\/2020\/04\/Icono-SoniaMegias.jpg","contentUrl":"http:\/\/soniamegias.es\/wp-content\/uploads\/2020\/04\/Icono-SoniaMegias.jpg","width":1140,"height":1140,"caption":"sonia"},"logo":{"@id":"https:\/\/papayawhip-weasel-570999.hostingersite.com\/#\/schema\/person\/image\/"}}]}},"jetpack_sharing_enabled":true,"_links":{"self":[{"href":"https:\/\/soniamegias.es\/en\/wp-json\/wp\/v2\/pages\/7410","targetHints":{"allow":["GET"]}}],"collection":[{"href":"https:\/\/soniamegias.es\/en\/wp-json\/wp\/v2\/pages"}],"about":[{"href":"https:\/\/soniamegias.es\/en\/wp-json\/wp\/v2\/types\/page"}],"author":[{"embeddable":true,"href":"https:\/\/soniamegias.es\/en\/wp-json\/wp\/v2\/users\/3"}],"replies":[{"embeddable":true,"href":"https:\/\/soniamegias.es\/en\/wp-json\/wp\/v2\/comments?post=7410"}],"version-history":[{"count":12,"href":"https:\/\/soniamegias.es\/en\/wp-json\/wp\/v2\/pages\/7410\/revisions"}],"predecessor-version":[{"id":10181,"href":"https:\/\/soniamegias.es\/en\/wp-json\/wp\/v2\/pages\/7410\/revisions\/10181"}],"wp:featuredmedia":[{"embeddable":true,"href":"https:\/\/soniamegias.es\/en\/wp-json\/wp\/v2\/media\/7720"}],"wp:attachment":[{"href":"https:\/\/soniamegias.es\/en\/wp-json\/wp\/v2\/media?parent=7410"}],"curies":[{"name":"wp","href":"https:\/\/api.w.org\/{rel}","templated":true}]}}